{"id":11,"date":"2014-08-17T18:45:33","date_gmt":"2014-08-17T16:45:33","guid":{"rendered":"http:\/\/neunzehn67.com\/?page_id=11"},"modified":"2024-08-31T14:40:04","modified_gmt":"2024-08-31T12:40:04","slug":"neunzehn67-com","status":"publish","type":"page","link":"http:\/\/neunzehn67.com\/","title":{"rendered":"neunzehn67.com"},"content":{"rendered":"\n<h3 class=\"wp-block-heading\">Willkommen auf neunzehn67.com!<\/h3>\n\n\n\n<p>Hier entsteht die Internetpr\u00e4senz von <strong>neunzehn67.com<\/strong> &#8211; Work in progress!<\/p>\n\n\n\n<p>Der Schwerpunkt bei diesem privaten und nicht kommerziellen Projekt liegt dabei auf Blog-, Video- und Audiobeitr\u00e4gen zum Thema &#8222;Fiftysomething&#8220;. Beitr\u00e4ge also, die eine Person in der Altersklasse 50+ ansprechen, weil sie eben genau in diese Gruppe geh\u00f6ren. Wer in den sp\u00e4ten 60er oder fr\u00fchen 70er-Jahren geboren, die Kindheit in den 70ern erlebt und in den 80ern erwachsen geworden ist, der sollte sich bei den Themen, die auf neunzehn67.com behandelt werden, wiederfinden.<\/p>\n\n\n<div class=\"wp-block-image\">\n<figure class=\"aligncenter size-full\"><img fetchpriority=\"high\" decoding=\"async\" width=\"508\" height=\"193\" src=\"http:\/\/neunzehn67.com\/wp-content\/uploads\/2020\/05\/neunzehn67-508x193-1.png\" alt=\"\" class=\"wp-image-225\" srcset=\"http:\/\/neunzehn67.com\/wp-content\/uploads\/2020\/05\/neunzehn67-508x193-1.png 508w, http:\/\/neunzehn67.com\/wp-content\/uploads\/2020\/05\/neunzehn67-508x193-1-300x114.png 300w\" sizes=\"(max-width: 508px) 100vw, 508px\" \/><\/figure><\/div>\n\n\n<p><\/p>\n\n\n\n<p>Begleitend zu dieser Internetpr\u00e4senz, die den Ausgangspunkt des Projekts bildet, ist ein YouTube-Kanal in Arbeit. Neue Videos und sonstige Inhalte werden an dieser Stelle eingebunden. <\/p>\n\n\n\n<p>F\u00fcr R\u00fcckfragen bitte die e-Mail-Adresse SR.SolutionsReview AT gmail.com nutzen. <\/p>\n\n\n\n<figure class=\"wp-block-image size-large\"><img decoding=\"async\" width=\"1754\" height=\"988\" src=\"http:\/\/neunzehn67.com\/wp-content\/uploads\/2021\/07\/neunzehn67-fill-edited.jpg\" alt=\"\" class=\"wp-image-241\" srcset=\"http:\/\/neunzehn67.com\/wp-content\/uploads\/2021\/07\/neunzehn67-fill-edited.jpg 1754w, http:\/\/neunzehn67.com\/wp-content\/uploads\/2021\/07\/neunzehn67-fill-edited-300x169.jpg 300w, http:\/\/neunzehn67.com\/wp-content\/uploads\/2021\/07\/neunzehn67-fill-edited-1024x577.jpg 1024w, http:\/\/neunzehn67.com\/wp-content\/uploads\/2021\/07\/neunzehn67-fill-edited-768x433.jpg 768w, http:\/\/neunzehn67.com\/wp-content\/uploads\/2021\/07\/neunzehn67-fill-edited-1536x865.jpg 1536w\" sizes=\"(max-width: 1754px) 100vw, 1754px\" \/><\/figure>\n\n\n\n<p class=\"has-small-font-size\">Bei <strong>neunzehn67.com<\/strong> handelt es sich um ein Projekt der SR Solutions Review.<\/p>\n","protected":false},"excerpt":{"rendered":"<p>Willkommen auf neunzehn67.com! Hier entsteht die Internetpr\u00e4senz von neunzehn67.com &#8211; Work in progress! Der Schwerpunkt bei diesem privaten und nicht kommerziellen Projekt liegt dabei auf &hellip; <\/p>\n","protected":false},"author":1,"featured_media":123,"parent":0,"menu_order":0,"comment_status":"closed","ping_status":"open","template":"","meta":{"footnotes":""},"class_list":["post-11","page","type-page","status-publish","has-post-thumbnail","hentry"],"_links":{"self":[{"href":"http:\/\/neunzehn67.com\/index.php?rest_route=\/wp\/v2\/pages\/11"}],"collection":[{"href":"http:\/\/neunzehn67.com\/index.php?rest_route=\/wp\/v2\/pages"}],"about":[{"href":"http:\/\/neunzehn67.com\/index.php?rest_route=\/wp\/v2\/types\/page"}],"author":[{"embeddable":true,"href":"http:\/\/neunzehn67.com\/index.php?rest_route=\/wp\/v2\/users\/1"}],"replies":[{"embeddable":true,"href":"http:\/\/neunzehn67.com\/index.php?rest_route=%2Fwp%2Fv2%2Fcomments&post=11"}],"version-history":[{"count":16,"href":"http:\/\/neunzehn67.com\/index.php?rest_route=\/wp\/v2\/pages\/11\/revisions"}],"predecessor-version":[{"id":256,"href":"http:\/\/neunzehn67.com\/index.php?rest_route=\/wp\/v2\/pages\/11\/revisions\/256"}],"wp:featuredmedia":[{"embeddable":true,"href":"http:\/\/neunzehn67.com\/index.php?rest_route=\/wp\/v2\/media\/123"}],"wp:attachment":[{"href":"http:\/\/neunzehn67.com\/index.php?rest_route=%2Fwp%2Fv2%2Fmedia&parent=11"}],"curies":[{"name":"wp","href":"https:\/\/api.w.org\/{rel}","templated":true}]}}